{"id":19,"date":"2025-05-13T20:19:50","date_gmt":"2025-05-13T20:19:50","guid":{"rendered":"https:\/\/usemail.at\/?page_id=19"},"modified":"2025-06-03T06:32:31","modified_gmt":"2025-06-03T06:32:31","slug":"startseite","status":"publish","type":"page","link":"https:\/\/usemail.at\/","title":{"rendered":"Startseite"},"content":{"rendered":"<h1><span style=\"color: #800080;\"><strong>Smartmeter und PV-Anlage mit MQTT auslesen<\/strong><\/span><\/h1>\n<ul>\n<li>\n<h4>F\u00fcr eine kontinuierliche Aufzeichnung der Daten einer PV-Anlage und vom SmartMeter (digitaler Stromz\u00e4hler) ist ein zuverl\u00e4ssiges Programm unerl\u00e4sslich welches 24 Stunden 7 Tage die Woche l\u00e4uft. Bei einem Neustart sollte das Programm automatisch wieder starten. Wenn einige Minuten fehlen, w\u00e4re das nicht so schlimm, als man kommt, erst nach Tagen auf den Absturz drauf.<\/h4>\n<\/li>\n<li>\n<h4>Da es auch bei den heutigen Tasmota Chips (ESP32C3 oder ESP32S2) mit der aktuellen Firmware leider immer wieder zu Neustarts kommt, und gelegentlich das Scripting nicht wieder aktiviert wird, ist Tasmota eigentlich f\u00fcr den Dauerlauf als MQTT-Broker ungeeignet. Dieses Verhalten tritt vor allem bei Gro\u00dfe Skript mit Diagrammen, E-Mail, Datenspeicherung, MQTT-Versand und Empfang usw. auf.<\/h4>\n<\/li>\n<li>\n<h4>F\u00fcr kleine Aufgaben, wie SmartMeter-Reader, schaltbare Steckdosen, Relaiskarten, Temperatursensor usw. ist aber Tasmota sehr gut zu gebrauchen, da \u00fcber das MQTT-Protokoll alle Daten zentral empfangen, verarbeitet, archiviert und angezeigt werden k\u00f6nnen.<\/h4>\n<\/li>\n<li>\n<h4>Auf einigen Webseiten wird oft ein Raspberry-Pi zu diesem Zweck eingesetzt. Als eingefleischter Windows Anwender und die M\u00f6glichkeit das auch mit einem Windows 11 Pro Webserver zu machen, fiel die Entscheidung zu dieser L\u00f6sung leicht. So muss man nicht noch ein zweites Betriebssystem lernen zu bedienen.<\/h4>\n<\/li>\n<li>\n<h4>Wenn nur das Programm \u201eMQTT-Server\u201c zur Datenaufzeichnung und Anzeige verwendet wird, gen\u00fcgt ein Mini-PC auf dem man mit der Remotedesptopverbindung (RPD-Verbindung) vom Desktop-PC zugreifen kann. F\u00fcr die Bereitstellung der Daten am Handy muss dann noch der Windows IIS-Webserver und falls gew\u00fcnscht auch PHP f\u00fcr Windows installiert und eingerichtet werden. Alle diese Funktionen bringt Windows 11 Pro bereits mit. Die Kosten f\u00fcr so einen kleinen vollwertigen PC sind unter 200\u20ac und er k\u00f6nnte dann auch f\u00fcr andere Aufgaben eingesetzt werden.<\/h4>\n<\/li>\n<li>\n<h4>Diese Webseite ist keine Anleitung f\u00fcr den Betrieb und Einrichtung eines Windows Webserver mit MQTT-Broker, aber alle wichtigen Aufgaben und Zusammenstellungen f\u00fcr die Hardware und Software sind hier als Beispiel zusammengefasst. Alle Funktionen der Software \u201eMQTT-Server\u201c sind auf der Seite \u201eBeschreibung\u201c aufgelistet. F\u00fcr Fragen steht die Seite \u201eKontakte\u201c zur Verf\u00fcgung.<\/h4>\n<\/li>\n<li>\n<h4>Mit dem Programm \u201eMQTT-Server\u201c k\u00f6nnen die Daten vom einem Smartmeter (digitaler Stromz\u00e4hler) und einer PV-Anlage angezeigt, gespeichert, archiviert und in Diagrammen \u00fcbersichtlich dargestellt werden. F\u00fcr die \u00dcbertragung von Sensorwerten wird das \u201eMQTT-Protokoll&#8220; verwendet. Dieses Protokoll ist bei \u201eTASMOTA\u201c Sensoren zu finden. Zum Auslesen eines SmartMeter wird ein Lesekopf mit \u201eTasmota\u201c ben\u00f6tigt. F\u00fcr die \u00dcbertragung von Werten der PV-Anlage gibt es Zwischensteckdosen wie z.B. Refoss Tasmota WiFi Steckdose 16A. Wichtig ist eben das \u201eMQTT-Protokoll&#8220;, die bei Tasmota immer vorhanden ist.<\/h4>\n<\/li>\n<li>\n<h4>Das Programm wurde mit &#8222;Embarcadero \u00ae Delphi 11.0&#8220; erstellt. Die Software ist in 8 Seiten und eine Statuszeile eingeteilt und es werden f\u00fcnf Diagramme erzeugt. Alle Diagramme werden mit der \u201eGoogle Visualization API (Google Charts)\u201c erzeugt und angezeigt. Jedem Programmpaket liegt eine ausf\u00fchrliche Hilfedatei bei. Es werden drei Programmpakete angeboten (free, pro, PRO) mit unterschiedlichen Funktionsumfang (siehe Seite \u201eKaufen\u201c). Weiters k\u00f6nnen die Werte und Diagramme am Smartphone angezeigt werden (nur in der PRO Version).<\/h4>\n<\/li>\n<\/ul>\n<p><img loading=\"lazy\" decoding=\"async\" class=\"alignnone wp-image-43\" src=\"https:\/\/usemail.at\/wp-content\/uploads\/2025\/05\/s-l1600-4-300x300.jpg\" alt=\"\" width=\"250\" height=\"250\" srcset=\"https:\/\/usemail.at\/wp-content\/uploads\/2025\/05\/s-l1600-4-300x300.jpg 300w, https:\/\/usemail.at\/wp-content\/uploads\/2025\/05\/s-l1600-4-150x150.jpg 150w, https:\/\/usemail.at\/wp-content\/uploads\/2025\/05\/s-l1600-4-768x768.jpg 768w, https:\/\/usemail.at\/wp-content\/uploads\/2025\/05\/s-l1600-4.jpg 1024w\" sizes=\"auto, (max-width: 250px) 100vw, 250px\" \/><img loading=\"lazy\" decoding=\"async\" class=\"alignnone wp-image-45\" src=\"https:\/\/usemail.at\/wp-content\/uploads\/2025\/05\/61a1PRt6NoL._AC_SX679_-300x300.jpg\" alt=\"\" width=\"250\" height=\"250\" srcset=\"https:\/\/usemail.at\/wp-content\/uploads\/2025\/05\/61a1PRt6NoL._AC_SX679_-300x300.jpg 300w, https:\/\/usemail.at\/wp-content\/uploads\/2025\/05\/61a1PRt6NoL._AC_SX679_-150x150.jpg 150w, https:\/\/usemail.at\/wp-content\/uploads\/2025\/05\/61a1PRt6NoL._AC_SX679_.jpg 679w\" sizes=\"auto, (max-width: 250px) 100vw, 250px\" \/><img loading=\"lazy\" decoding=\"async\" class=\"alignnone wp-image-44\" src=\"https:\/\/usemail.at\/wp-content\/uploads\/2025\/05\/51DUbBtCbJL._AC_SY606_-238x300.jpg\" alt=\"\" width=\"238\" height=\"300\" srcset=\"https:\/\/usemail.at\/wp-content\/uploads\/2025\/05\/51DUbBtCbJL._AC_SY606_-238x300.jpg 238w, https:\/\/usemail.at\/wp-content\/uploads\/2025\/05\/51DUbBtCbJL._AC_SY606_.jpg 481w\" sizes=\"auto, (max-width: 238px) 100vw, 238px\" \/><img loading=\"lazy\" decoding=\"async\" class=\"alignnone wp-image-46\" src=\"https:\/\/usemail.at\/wp-content\/uploads\/2025\/05\/7103v96Zw7L._SX522_-300x300.jpg\" alt=\"\" width=\"250\" height=\"250\" srcset=\"https:\/\/usemail.at\/wp-content\/uploads\/2025\/05\/7103v96Zw7L._SX522_-300x300.jpg 300w, https:\/\/usemail.at\/wp-content\/uploads\/2025\/05\/7103v96Zw7L._SX522_-150x150.jpg 150w, https:\/\/usemail.at\/wp-content\/uploads\/2025\/05\/7103v96Zw7L._SX522_.jpg 522w\" sizes=\"auto, (max-width: 250px) 100vw, 250px\" \/><\/p>\n<h2 style=\"text-align: center;\"><span style=\"color: #3366ff;\"><strong><a style=\"color: #3366ff;\" href=\"https:\/\/smarthome.usemail.at\" target=\"_blank\" rel=\"noopener\">Link zum Programm &#8222;MQTT-Server&#8220;<\/a><\/strong><\/span><\/h2>\n","protected":false},"excerpt":{"rendered":"<p>Smartmeter und PV-Anlage mit MQTT auslesen F\u00fcr eine kontinuierliche Aufzeichnung der Daten einer PV-Anlage und vom SmartMeter (digitaler Stromz\u00e4hler) ist ein zuverl\u00e4ssiges Programm unerl\u00e4sslich welches 24 Stunden 7 Tage die Woche l\u00e4uft. Bei einem Neustart sollte das Programm automatisch wieder starten. Wenn einige Minuten fehlen, w\u00e4re das nicht so schlimm, als man kommt, erst nach &#8230; <a title=\"Startseite\" class=\"read-more\" href=\"https:\/\/usemail.at\/\" aria-label=\"Mehr Informationen \u00fcber Startseite\">Weiterlesen<\/a><\/p>\n","protected":false},"author":1,"featured_media":0,"parent":0,"menu_order":0,"comment_status":"closed","ping_status":"closed","template":"","meta":{"footnotes":""},"class_list":["post-19","page","type-page","status-publish"],"_links":{"self":[{"href":"https:\/\/usemail.at\/index.php\/wp-json\/wp\/v2\/pages\/19","targetHints":{"allow":["GET"]}}],"collection":[{"href":"https:\/\/usemail.at\/index.php\/wp-json\/wp\/v2\/pages"}],"about":[{"href":"https:\/\/usemail.at\/index.php\/wp-json\/wp\/v2\/types\/page"}],"author":[{"embeddable":true,"href":"https:\/\/usemail.at\/index.php\/wp-json\/wp\/v2\/users\/1"}],"replies":[{"embeddable":true,"href":"https:\/\/usemail.at\/index.php\/wp-json\/wp\/v2\/comments?post=19"}],"version-history":[{"count":27,"href":"https:\/\/usemail.at\/index.php\/wp-json\/wp\/v2\/pages\/19\/revisions"}],"predecessor-version":[{"id":76,"href":"https:\/\/usemail.at\/index.php\/wp-json\/wp\/v2\/pages\/19\/revisions\/76"}],"wp:attachment":[{"href":"https:\/\/usemail.at\/index.php\/wp-json\/wp\/v2\/media?parent=19"}],"curies":[{"name":"wp","href":"https:\/\/api.w.org\/{rel}","templated":true}]}}